{"id":532,"date":"2023-08-01T15:56:18","date_gmt":"2023-08-01T15:56:18","guid":{"rendered":"https:\/\/web4.rkinformatika.net\/arkiria\/?page_id=532"},"modified":"2023-08-29T11:51:00","modified_gmt":"2023-08-29T11:51:00","slug":"vision","status":"publish","type":"page","link":"https:\/\/latuamuebles.net\/eu\/vision\/","title":{"rendered":"Ikuste"},"content":{"rendered":"\t\t<div data-elementor-type=\"wp-page\" data-elementor-id=\"532\" class=\"elementor elementor-532\" data-elementor-post-type=\"page\">\n\t\t\t\t\t\t<section class=\"elementor-section elementor-top-section elementor-element elementor-element-b4259ea elementor-section-boxed elementor-section-height-default elementor-section-height-default\" data-id=\"b4259ea\" data-element_type=\"section\" data-e-type=\"section\">\n\t\t\t\t\t\t<div class=\"elementor-container elementor-column-gap-default\">\n\t\t\t\t\t<div class=\"elementor-column elementor-col-50 elementor-top-column elementor-element elementor-element-8c2b7d3\" data-id=\"8c2b7d3\" data-element_type=\"column\" data-e-type=\"column\">\n\t\t\t<div class=\"elementor-widget-wrap elementor-element-populated\">\n\t\t\t\t\t\t<div class=\"elementor-element elementor-element-fc99adb elementor-widget__width-initial elementor-widget-mobile__width-initial elementor-widget elementor-widget-image\" data-id=\"fc99adb\" data-element_type=\"widget\" data-e-type=\"widget\" data-widget_type=\"image.default\">\n\t\t\t\t<div class=\"elementor-widget-container\">\n\t\t\t\t\t\t\t\t\t\t\t\t\t\t\t<img fetchpriority=\"high\" decoding=\"async\" width=\"680\" height=\"510\" src=\"https:\/\/latuamuebles.net\/wp-content\/uploads\/2023\/08\/20191121_1650121.jpg\" class=\"attachment-2048x2048 size-2048x2048 wp-image-1578\" alt=\"\" srcset=\"https:\/\/latuamuebles.net\/wp-content\/uploads\/2023\/08\/20191121_1650121.jpg 680w, https:\/\/latuamuebles.net\/wp-content\/uploads\/2023\/08\/20191121_1650121-300x225.jpg 300w\" sizes=\"(max-width: 680px) 100vw, 680px\" \/>\t\t\t\t\t\t\t\t\t\t\t\t\t\t\t<\/div>\n\t\t\t\t<\/div>\n\t\t\t\t\t<\/div>\n\t\t<\/div>\n\t\t\t\t<div class=\"elementor-column elementor-col-50 elementor-top-column elementor-element elementor-element-e428a7a\" data-id=\"e428a7a\" data-element_type=\"column\" data-e-type=\"column\">\n\t\t\t<div class=\"elementor-widget-wrap elementor-element-populated\">\n\t\t\t\t\t\t<div class=\"elementor-element elementor-element-6dc2b98 elementor-widget elementor-widget-heading\" data-id=\"6dc2b98\" data-element_type=\"widget\" data-e-type=\"widget\" data-widget_type=\"heading.default\">\n\t\t\t\t<div class=\"elementor-widget-container\">\n\t\t\t\t\t<h2 class=\"elementor-heading-title elementor-size-default\">Nuestra visi\u00f3n<\/h2>\t\t\t\t<\/div>\n\t\t\t\t<\/div>\n\t\t\t\t<div class=\"elementor-element elementor-element-7936d06 elementor-widget__width-initial elementor-widget elementor-widget-text-editor\" data-id=\"7936d06\" data-element_type=\"widget\" data-e-type=\"widget\" data-widget_type=\"text-editor.default\">\n\t\t\t\t<div class=\"elementor-widget-container\">\n\t\t\t\t\t\t\t\t\t<div class=\"group w-full text-token-text-primary border-b border-black\/10 dark:border-gray-900\/50 bg-gray-50 dark:bg-[#444654]\" data-testid=\"conversation-turn-23\"><div class=\"flex p-4 gap-4 text-base md:gap-6 md:max-w-2xl lg:max-w-[38rem] xl:max-w-3xl md:py-6 lg:px-0 m-auto\"><div class=\"relative flex w-[calc(100%-50px)] flex-col gap-1 md:gap-3 lg:w-[calc(100%-115px)]\"><div class=\"flex flex-grow flex-col gap-3 max-w-full\"><div class=\"min-h-[20px] flex flex-col items-start gap-3 overflow-x-auto whitespace-pre-wrap break-words\"><div class=\"markdown prose w-full break-words dark:prose-invert light\"><p>En nuestra visi\u00f3n, nos vemos como los art\u00edfices de la transformaci\u00f3n de hogares y espacios. Como l\u00edderes en la industria de muebles a medida, nos esforzamos por ser la primera elecci\u00f3n de cada persona que busca crear un ambiente \u00fanico y personalizado. Nuestro compromiso se centra en fusionar la creatividad y la funcionalidad en cada dise\u00f1o, superando las expectativas de nuestros clientes en t\u00e9rminos de calidad y servicio. Aspiramos a ser reconocidos no solo por nuestros productos excepcionales, sino tambi\u00e9n por el impacto positivo que generamos en la vida de las personas al convertir sus sue\u00f1os en realidades tangibles y hermosas.<\/p><\/div><\/div><\/div><\/div><\/div><\/div>\t\t\t\t\t\t\t\t<\/div>\n\t\t\t\t<\/div>\n\t\t\t\t\t<\/div>\n\t\t<\/div>\n\t\t\t\t\t<\/div>\n\t\t<\/section>\n\t\t\t\t<section class=\"elementor-section elementor-top-section elementor-element elementor-element-3773be7 elementor-section-boxed elementor-section-height-default elementor-section-height-default\" data-id=\"3773be7\" data-element_type=\"section\" data-e-type=\"section\">\n\t\t\t\t\t\t<div class=\"elementor-container elementor-column-gap-default\">\n\t\t\t\t\t<div class=\"elementor-column elementor-col-50 elementor-top-column elementor-element elementor-element-af3df58\" data-id=\"af3df58\" data-element_type=\"column\" data-e-type=\"column\">\n\t\t\t<div class=\"elementor-widget-wrap elementor-element-populated\">\n\t\t\t\t\t\t<div class=\"elementor-element elementor-element-df3e237 elementor-widget elementor-widget-heading\" data-id=\"df3e237\" data-element_type=\"widget\" data-e-type=\"widget\" data-widget_type=\"heading.default\">\n\t\t\t\t<div class=\"elementor-widget-container\">\n\t\t\t\t\t<h2 class=\"elementor-heading-title elementor-size-default\">DURADERO<\/h2>\t\t\t\t<\/div>\n\t\t\t\t<\/div>\n\t\t\t\t<div class=\"elementor-element elementor-element-84552ae elementor-widget__width-initial elementor-widget elementor-widget-text-editor\" data-id=\"84552ae\" data-element_type=\"widget\" data-e-type=\"widget\" data-widget_type=\"text-editor.default\">\n\t\t\t\t<div class=\"elementor-widget-container\">\n\t\t\t\t\t\t\t\t\t<p>Un mueble duradero perdura a trav\u00e9s del tiempo, con materiales y construcci\u00f3n de calidad. Optar por muebles a medida es esencial, ya que se adaptan a tus necesidades y estilo, maximizando el uso del espacio. Estos muebles personales reflejan tu identidad y minimizan el desperdicio al evitar reemplazos frecuentes, garantizando una inversi\u00f3n inteligente y sostenible.<\/p>\t\t\t\t\t\t\t\t<\/div>\n\t\t\t\t<\/div>\n\t\t\t\t\t<\/div>\n\t\t<\/div>\n\t\t\t\t<div class=\"elementor-column elementor-col-50 elementor-top-column elementor-element elementor-element-a5dd068\" data-id=\"a5dd068\" data-element_type=\"column\" data-e-type=\"column\">\n\t\t\t<div class=\"elementor-widget-wrap elementor-element-populated\">\n\t\t\t\t\t\t<div class=\"elementor-element elementor-element-42ee99e elementor-widget__width-initial elementor-widget-mobile__width-initial elementor-widget elementor-widget-image\" data-id=\"42ee99e\" data-element_type=\"widget\" data-e-type=\"widget\" data-widget_type=\"image.default\">\n\t\t\t\t<div class=\"elementor-widget-container\">\n\t\t\t\t\t\t\t\t\t\t\t\t\t\t\t<img decoding=\"async\" width=\"382\" height=\"510\" src=\"https:\/\/latuamuebles.net\/wp-content\/uploads\/2023\/08\/juanjo-koala.entrada-2.jpg\" class=\"attachment-2048x2048 size-2048x2048 wp-image-1568\" alt=\"\" srcset=\"https:\/\/latuamuebles.net\/wp-content\/uploads\/2023\/08\/juanjo-koala.entrada-2.jpg 382w, https:\/\/latuamuebles.net\/wp-content\/uploads\/2023\/08\/juanjo-koala.entrada-2-225x300.jpg 225w\" sizes=\"(max-width: 382px) 100vw, 382px\" \/>\t\t\t\t\t\t\t\t\t\t\t\t\t\t\t<\/div>\n\t\t\t\t<\/div>\n\t\t\t\t\t<\/div>\n\t\t<\/div>\n\t\t\t\t\t<\/div>\n\t\t<\/section>\n\t\t\t\t<section class=\"elementor-section elementor-top-section elementor-element elementor-element-7170638 elementor-section-boxed elementor-section-height-default elementor-section-height-default\" data-id=\"7170638\" data-element_type=\"section\" data-e-type=\"section\">\n\t\t\t\t\t\t<div class=\"elementor-container elementor-column-gap-default\">\n\t\t\t\t\t<div class=\"elementor-column elementor-col-50 elementor-top-column elementor-element elementor-element-ee72f77\" data-id=\"ee72f77\" data-element_type=\"column\" data-e-type=\"column\">\n\t\t\t<div class=\"elementor-widget-wrap elementor-element-populated\">\n\t\t\t\t\t\t<div class=\"elementor-element elementor-element-87082ab elementor-widget__width-initial elementor-widget elementor-widget-image\" data-id=\"87082ab\" data-element_type=\"widget\" data-e-type=\"widget\" data-widget_type=\"image.default\">\n\t\t\t\t<div class=\"elementor-widget-container\">\n\t\t\t\t\t\t\t\t\t\t\t\t\t\t\t<img decoding=\"async\" width=\"382\" height=\"510\" src=\"https:\/\/latuamuebles.net\/wp-content\/uploads\/2023\/08\/20201123_185546.jpg\" class=\"attachment-2048x2048 size-2048x2048 wp-image-1573\" alt=\"\" srcset=\"https:\/\/latuamuebles.net\/wp-content\/uploads\/2023\/08\/20201123_185546.jpg 382w, https:\/\/latuamuebles.net\/wp-content\/uploads\/2023\/08\/20201123_185546-225x300.jpg 225w\" sizes=\"(max-width: 382px) 100vw, 382px\" \/>\t\t\t\t\t\t\t\t\t\t\t\t\t\t\t<\/div>\n\t\t\t\t<\/div>\n\t\t\t\t\t<\/div>\n\t\t<\/div>\n\t\t\t\t<div class=\"elementor-column elementor-col-50 elementor-top-column elementor-element elementor-element-fc526f2\" data-id=\"fc526f2\" data-element_type=\"column\" data-e-type=\"column\">\n\t\t\t<div class=\"elementor-widget-wrap elementor-element-populated\">\n\t\t\t\t\t\t<div class=\"elementor-element elementor-element-11d2b25 elementor-widget elementor-widget-heading\" data-id=\"11d2b25\" data-element_type=\"widget\" data-e-type=\"widget\" data-widget_type=\"heading.default\">\n\t\t\t\t<div class=\"elementor-widget-container\">\n\t\t\t\t\t<h2 class=\"elementor-heading-title elementor-size-default\">MODERNO<\/h2>\t\t\t\t<\/div>\n\t\t\t\t<\/div>\n\t\t\t\t<div class=\"elementor-element elementor-element-e7b5543 elementor-widget__width-initial elementor-widget elementor-widget-text-editor\" data-id=\"e7b5543\" data-element_type=\"widget\" data-e-type=\"widget\" data-widget_type=\"text-editor.default\">\n\t\t\t\t<div class=\"elementor-widget-container\">\n\t\t\t\t\t\t\t\t\t<p>Cada pieza que creamos combina dise\u00f1o contempor\u00e1neo con funcionalidad \u00fanica, adapt\u00e1ndose perfectamente a su espacio y estilo. Nuestro enfoque artesanal garantiza calidad excepcional en cada detalle. Desde consultas personalizadas y dise\u00f1o en 3D hasta la elecci\u00f3n de materiales y acabados, brindamos una experiencia \u00fanica para transformar sus ideas en muebles \u00fanicos y funcionales.<\/p>\t\t\t\t\t\t\t\t<\/div>\n\t\t\t\t<\/div>\n\t\t\t\t\t<\/div>\n\t\t<\/div>\n\t\t\t\t\t<\/div>\n\t\t<\/section>\n\t\t\t\t<\/div>\n\t\t","protected":false},"excerpt":{"rendered":"<p>Nuestra visi\u00f3n En nuestra visi\u00f3n, nos vemos como los art\u00edfices de la transformaci\u00f3n de hogares y espacios. Como l\u00edderes en la industria de muebles a medida, nos esforzamos por ser la primera elecci\u00f3n de cada persona que busca crear un ambiente \u00fanico y personalizado. Nuestro compromiso se centra en fusionar la creatividad y la funcionalidad [&hellip;]<\/p>\n","protected":false},"author":1,"featured_media":1097,"parent":0,"menu_order":0,"comment_status":"closed","ping_status":"closed","template":"elementor_canvas","meta":{"footnotes":""},"class_list":["post-532","page","type-page","status-publish","has-post-thumbnail","hentry"],"yoast_head":"<!-- This site is optimized with the Yoast SEO plugin v27.5 - https:\/\/yoast.com\/product\/yoast-seo-wordpress\/ -->\n<title>Visi\u00f3n - latuamuebles<\/title>\n<meta name=\"robots\" content=\"index, follow, max-snippet:-1, max-image-preview:large, max-video-preview:-1\" \/>\n<link rel=\"canonical\" href=\"https:\/\/latuamuebles.net\/eu\/vision\/\" \/>\n<meta property=\"og:locale\" content=\"en_US\" \/>\n<meta property=\"og:type\" content=\"article\" \/>\n<meta property=\"og:title\" content=\"Visi\u00f3n - latuamuebles\" \/>\n<meta property=\"og:description\" content=\"Nuestra visi\u00f3n En nuestra visi\u00f3n, nos vemos como los art\u00edfices de la transformaci\u00f3n de hogares y espacios. Como l\u00edderes en la industria de muebles a medida, nos esforzamos por ser la primera elecci\u00f3n de cada persona que busca crear un ambiente \u00fanico y personalizado. Nuestro compromiso se centra en fusionar la creatividad y la funcionalidad [&hellip;]\" \/>\n<meta property=\"og:url\" content=\"https:\/\/latuamuebles.net\/eu\/vision\/\" \/>\n<meta property=\"og:site_name\" content=\"latuamuebles\" \/>\n<meta property=\"article:modified_time\" content=\"2023-08-29T11:51:00+00:00\" \/>\n<meta property=\"og:image\" content=\"https:\/\/latuamuebles.net\/wp-content\/uploads\/2023\/08\/Logo_Mesa-de-trabajo-1.png\" \/>\n\t<meta property=\"og:image:width\" content=\"1920\" \/>\n\t<meta property=\"og:image:height\" content=\"1080\" \/>\n\t<meta property=\"og:image:type\" content=\"image\/png\" \/>\n<meta name=\"twitter:card\" content=\"summary_large_image\" \/>\n<meta name=\"twitter:label1\" content=\"Est. reading time\" \/>\n\t<meta name=\"twitter:data1\" content=\"2 minutua\" \/>\n<script type=\"application\/ld+json\" class=\"yoast-schema-graph\">{\"@context\":\"https:\\\/\\\/schema.org\",\"@graph\":[{\"@type\":\"WebPage\",\"@id\":\"https:\\\/\\\/latuamuebles.net\\\/vision\\\/\",\"url\":\"https:\\\/\\\/latuamuebles.net\\\/vision\\\/\",\"name\":\"Visi\u00f3n - latuamuebles\",\"isPartOf\":{\"@id\":\"https:\\\/\\\/latuamuebles.net\\\/#website\"},\"primaryImageOfPage\":{\"@id\":\"https:\\\/\\\/latuamuebles.net\\\/vision\\\/#primaryimage\"},\"image\":{\"@id\":\"https:\\\/\\\/latuamuebles.net\\\/vision\\\/#primaryimage\"},\"thumbnailUrl\":\"https:\\\/\\\/latuamuebles.net\\\/wp-content\\\/uploads\\\/2023\\\/08\\\/Logo_Mesa-de-trabajo-1.png\",\"datePublished\":\"2023-08-01T15:56:18+00:00\",\"dateModified\":\"2023-08-29T11:51:00+00:00\",\"breadcrumb\":{\"@id\":\"https:\\\/\\\/latuamuebles.net\\\/vision\\\/#breadcrumb\"},\"inLanguage\":\"eu\",\"potentialAction\":[{\"@type\":\"ReadAction\",\"target\":[\"https:\\\/\\\/latuamuebles.net\\\/vision\\\/\"]}]},{\"@type\":\"ImageObject\",\"inLanguage\":\"eu\",\"@id\":\"https:\\\/\\\/latuamuebles.net\\\/vision\\\/#primaryimage\",\"url\":\"https:\\\/\\\/latuamuebles.net\\\/wp-content\\\/uploads\\\/2023\\\/08\\\/Logo_Mesa-de-trabajo-1.png\",\"contentUrl\":\"https:\\\/\\\/latuamuebles.net\\\/wp-content\\\/uploads\\\/2023\\\/08\\\/Logo_Mesa-de-trabajo-1.png\",\"width\":1920,\"height\":1080},{\"@type\":\"BreadcrumbList\",\"@id\":\"https:\\\/\\\/latuamuebles.net\\\/vision\\\/#breadcrumb\",\"itemListElement\":[{\"@type\":\"ListItem\",\"position\":1,\"name\":\"Portada\",\"item\":\"https:\\\/\\\/latuamuebles.net\\\/\"},{\"@type\":\"ListItem\",\"position\":2,\"name\":\"Visi\u00f3n\"}]},{\"@type\":\"WebSite\",\"@id\":\"https:\\\/\\\/latuamuebles.net\\\/#website\",\"url\":\"https:\\\/\\\/latuamuebles.net\\\/\",\"name\":\"latuamuebles\",\"description\":\"\",\"potentialAction\":[{\"@type\":\"SearchAction\",\"target\":{\"@type\":\"EntryPoint\",\"urlTemplate\":\"https:\\\/\\\/latuamuebles.net\\\/?s={search_term_string}\"},\"query-input\":{\"@type\":\"PropertyValueSpecification\",\"valueRequired\":true,\"valueName\":\"search_term_string\"}}],\"inLanguage\":\"eu\"}]}<\/script>\n<!-- \/ Yoast SEO plugin. -->","yoast_head_json":{"title":"Visi\u00f3n - latuamuebles","robots":{"index":"index","follow":"follow","max-snippet":"max-snippet:-1","max-image-preview":"max-image-preview:large","max-video-preview":"max-video-preview:-1"},"canonical":"https:\/\/latuamuebles.net\/eu\/vision\/","og_locale":"en_US","og_type":"article","og_title":"Visi\u00f3n - latuamuebles","og_description":"Nuestra visi\u00f3n En nuestra visi\u00f3n, nos vemos como los art\u00edfices de la transformaci\u00f3n de hogares y espacios. Como l\u00edderes en la industria de muebles a medida, nos esforzamos por ser la primera elecci\u00f3n de cada persona que busca crear un ambiente \u00fanico y personalizado. Nuestro compromiso se centra en fusionar la creatividad y la funcionalidad [&hellip;]","og_url":"https:\/\/latuamuebles.net\/eu\/vision\/","og_site_name":"latuamuebles","article_modified_time":"2023-08-29T11:51:00+00:00","og_image":[{"width":1920,"height":1080,"url":"https:\/\/latuamuebles.net\/wp-content\/uploads\/2023\/08\/Logo_Mesa-de-trabajo-1.png","type":"image\/png"}],"twitter_card":"summary_large_image","twitter_misc":{"Est. reading time":"2 minutua"},"schema":{"@context":"https:\/\/schema.org","@graph":[{"@type":"WebPage","@id":"https:\/\/latuamuebles.net\/vision\/","url":"https:\/\/latuamuebles.net\/vision\/","name":"Visi\u00f3n - latuamuebles","isPartOf":{"@id":"https:\/\/latuamuebles.net\/#website"},"primaryImageOfPage":{"@id":"https:\/\/latuamuebles.net\/vision\/#primaryimage"},"image":{"@id":"https:\/\/latuamuebles.net\/vision\/#primaryimage"},"thumbnailUrl":"https:\/\/latuamuebles.net\/wp-content\/uploads\/2023\/08\/Logo_Mesa-de-trabajo-1.png","datePublished":"2023-08-01T15:56:18+00:00","dateModified":"2023-08-29T11:51:00+00:00","breadcrumb":{"@id":"https:\/\/latuamuebles.net\/vision\/#breadcrumb"},"inLanguage":"eu","potentialAction":[{"@type":"ReadAction","target":["https:\/\/latuamuebles.net\/vision\/"]}]},{"@type":"ImageObject","inLanguage":"eu","@id":"https:\/\/latuamuebles.net\/vision\/#primaryimage","url":"https:\/\/latuamuebles.net\/wp-content\/uploads\/2023\/08\/Logo_Mesa-de-trabajo-1.png","contentUrl":"https:\/\/latuamuebles.net\/wp-content\/uploads\/2023\/08\/Logo_Mesa-de-trabajo-1.png","width":1920,"height":1080},{"@type":"BreadcrumbList","@id":"https:\/\/latuamuebles.net\/vision\/#breadcrumb","itemListElement":[{"@type":"ListItem","position":1,"name":"Portada","item":"https:\/\/latuamuebles.net\/"},{"@type":"ListItem","position":2,"name":"Visi\u00f3n"}]},{"@type":"WebSite","@id":"https:\/\/latuamuebles.net\/#website","url":"https:\/\/latuamuebles.net\/","name":"latuamuebles","description":"","potentialAction":[{"@type":"SearchAction","target":{"@type":"EntryPoint","urlTemplate":"https:\/\/latuamuebles.net\/?s={search_term_string}"},"query-input":{"@type":"PropertyValueSpecification","valueRequired":true,"valueName":"search_term_string"}}],"inLanguage":"eu"}]}},"_links":{"self":[{"href":"https:\/\/latuamuebles.net\/eu\/wp-json\/wp\/v2\/pages\/532","targetHints":{"allow":["GET"]}}],"collection":[{"href":"https:\/\/latuamuebles.net\/eu\/wp-json\/wp\/v2\/pages"}],"about":[{"href":"https:\/\/latuamuebles.net\/eu\/wp-json\/wp\/v2\/types\/page"}],"author":[{"embeddable":true,"href":"https:\/\/latuamuebles.net\/eu\/wp-json\/wp\/v2\/users\/1"}],"replies":[{"embeddable":true,"href":"https:\/\/latuamuebles.net\/eu\/wp-json\/wp\/v2\/comments?post=532"}],"version-history":[{"count":81,"href":"https:\/\/latuamuebles.net\/eu\/wp-json\/wp\/v2\/pages\/532\/revisions"}],"predecessor-version":[{"id":1865,"href":"https:\/\/latuamuebles.net\/eu\/wp-json\/wp\/v2\/pages\/532\/revisions\/1865"}],"wp:featuredmedia":[{"embeddable":true,"href":"https:\/\/latuamuebles.net\/eu\/wp-json\/wp\/v2\/media\/1097"}],"wp:attachment":[{"href":"https:\/\/latuamuebles.net\/eu\/wp-json\/wp\/v2\/media?parent=532"}],"curies":[{"name":"wp","href":"https:\/\/api.w.org\/{rel}","templated":true}]}}