{"id":1320,"date":"2023-08-28T12:52:50","date_gmt":"2023-08-28T12:52:50","guid":{"rendered":"https:\/\/web4.rkinformatika.net\/latuamuebles\/?page_id=1320"},"modified":"2023-08-29T11:50:03","modified_gmt":"2023-08-29T11:50:03","slug":"portales","status":"publish","type":"page","link":"https:\/\/latuamuebles.net\/eu\/portales\/","title":{"rendered":"Portalak"},"content":{"rendered":"\t\t<div data-elementor-type=\"wp-page\" data-elementor-id=\"1320\" class=\"elementor elementor-1320\" data-elementor-post-type=\"page\">\n\t\t\t\t\t\t<section class=\"elementor-section elementor-top-section elementor-element elementor-element-3345fda elementor-section-boxed elementor-section-height-default elementor-section-height-default\" data-id=\"3345fda\" data-element_type=\"section\" data-e-type=\"section\">\n\t\t\t\t\t\t<div class=\"elementor-container elementor-column-gap-default\">\n\t\t\t\t\t<div class=\"elementor-column elementor-col-100 elementor-top-column elementor-element elementor-element-6095eaa\" data-id=\"6095eaa\" data-element_type=\"column\" data-e-type=\"column\">\n\t\t\t<div class=\"elementor-widget-wrap elementor-element-populated\">\n\t\t\t\t\t\t<div class=\"elementor-element elementor-element-f9db683 elementor-widget elementor-widget-heading\" data-id=\"f9db683\" data-element_type=\"widget\" data-e-type=\"widget\" data-widget_type=\"heading.default\">\n\t\t\t\t<div class=\"elementor-widget-container\">\n\t\t\t\t\t<h1 class=\"elementor-heading-title elementor-size-default\">Portales<\/h1>\t\t\t\t<\/div>\n\t\t\t\t<\/div>\n\t\t\t\t\t<\/div>\n\t\t<\/div>\n\t\t\t\t\t<\/div>\n\t\t<\/section>\n\t\t\t\t<section class=\"elementor-section elementor-top-section elementor-element elementor-element-f6b324e elementor-section-full_width elementor-section-height-default elementor-section-height-default\" data-id=\"f6b324e\" data-element_type=\"section\" data-e-type=\"section\">\n\t\t\t\t\t\t<div class=\"elementor-container elementor-column-gap-default\">\n\t\t\t\t\t<div class=\"elementor-column elementor-col-100 elementor-top-column elementor-element elementor-element-c38247d\" data-id=\"c38247d\" data-element_type=\"column\" data-e-type=\"column\" data-settings=\"{&quot;motion_fx_motion_fx_scrolling&quot;:&quot;yes&quot;,&quot;motion_fx_translateY_effect&quot;:&quot;yes&quot;,&quot;motion_fx_translateY_direction&quot;:&quot;negative&quot;,&quot;motion_fx_translateY_speed&quot;:{&quot;unit&quot;:&quot;px&quot;,&quot;size&quot;:4.3,&quot;sizes&quot;:[]},&quot;motion_fx_translateY_affectedRange&quot;:{&quot;unit&quot;:&quot;%&quot;,&quot;size&quot;:&quot;&quot;,&quot;sizes&quot;:{&quot;start&quot;:47,&quot;end&quot;:100}},&quot;motion_fx_devices&quot;:[&quot;desktop&quot;,&quot;tablet&quot;],&quot;motion_fx_range&quot;:&quot;viewport&quot;}\">\n\t\t\t<div class=\"elementor-widget-wrap elementor-element-populated\">\n\t\t\t\t\t\t<div class=\"elementor-element elementor-element-373e330 elementor-widget-mobile__width-inherit elementor-hidden-mobile elementor-arrows-position-inside elementor-widget elementor-widget-image-carousel\" data-id=\"373e330\" data-element_type=\"widget\" data-e-type=\"widget\" data-settings=\"{&quot;slides_to_show&quot;:&quot;1&quot;,&quot;navigation&quot;:&quot;arrows&quot;,&quot;autoplay&quot;:&quot;yes&quot;,&quot;pause_on_hover&quot;:&quot;yes&quot;,&quot;pause_on_interaction&quot;:&quot;yes&quot;,&quot;autoplay_speed&quot;:5000,&quot;infinite&quot;:&quot;yes&quot;,&quot;effect&quot;:&quot;slide&quot;,&quot;speed&quot;:500}\" data-widget_type=\"image-carousel.default\">\n\t\t\t\t<div class=\"elementor-widget-container\">\n\t\t\t\t\t\t\t<div class=\"elementor-image-carousel-wrapper swiper\" role=\"region\" aria-roledescription=\"carousel\" aria-label=\"Carrusel de im\u00e1genes\" dir=\"ltr\">\n\t\t\t<div class=\"elementor-image-carousel swiper-wrapper\" aria-live=\"off\">\n\t\t\t\t\t\t\t\t<div class=\"swiper-slide\" role=\"group\" aria-roledescription=\"slide\" aria-label=\"1 de 4\"><figure class=\"swiper-slide-inner\"><img decoding=\"async\" class=\"swiper-slide-image\" src=\"https:\/\/latuamuebles.net\/wp-content\/uploads\/2023\/08\/Captura_desde_2023-08-28_15-09-43-transformed.png\" alt=\"Captura_desde_2023-08-28_15-09-43-transformed\" \/><\/figure><\/div><div class=\"swiper-slide\" role=\"group\" aria-roledescription=\"slide\" aria-label=\"2 de 4\"><figure class=\"swiper-slide-inner\"><img decoding=\"async\" class=\"swiper-slide-image\" src=\"https:\/\/latuamuebles.net\/wp-content\/uploads\/2023\/08\/WhatsApp_Image_2023-08-28_at_15_14_33_1-transformed-scaled.jpeg\" alt=\"WhatsApp_Image_2023-08-28_at_15_14_33_(1)-transformed\" \/><\/figure><\/div><div class=\"swiper-slide\" role=\"group\" aria-roledescription=\"slide\" aria-label=\"3 de 4\"><figure class=\"swiper-slide-inner\"><img decoding=\"async\" class=\"swiper-slide-image\" src=\"https:\/\/latuamuebles.net\/wp-content\/uploads\/2023\/08\/WhatsApp_Image_2023-08-28_at_15_14_33_2-transformed-scaled.jpeg\" alt=\"WhatsApp_Image_2023-08-28_at_15_14_33_(2)-transformed\" \/><\/figure><\/div><div class=\"swiper-slide\" role=\"group\" aria-roledescription=\"slide\" aria-label=\"4 de 4\"><figure class=\"swiper-slide-inner\"><img decoding=\"async\" class=\"swiper-slide-image\" src=\"https:\/\/latuamuebles.net\/wp-content\/uploads\/2023\/08\/WhatsApp_Image_2023-08-28_at_15_14_33-transformed-scaled.jpeg\" alt=\"WhatsApp_Image_2023-08-28_at_15_14_33-transformed\" \/><\/figure><\/div>\t\t\t<\/div>\n\t\t\t\t\t\t\t\t\t\t\t\t<div class=\"elementor-swiper-button elementor-swiper-button-prev\" role=\"button\" tabindex=\"0\">\n\t\t\t\t\t\t<i aria-hidden=\"true\" class=\"eicon-chevron-left\"><\/i>\t\t\t\t\t<\/div>\n\t\t\t\t\t<div class=\"elementor-swiper-button elementor-swiper-button-next\" role=\"button\" tabindex=\"0\">\n\t\t\t\t\t\t<i aria-hidden=\"true\" class=\"eicon-chevron-right\"><\/i>\t\t\t\t\t<\/div>\n\t\t\t\t\n\t\t\t\t\t\t\t\t\t<\/div>\n\t\t\t\t\t\t<\/div>\n\t\t\t\t<\/div>\n\t\t\t\t<div class=\"elementor-element elementor-element-2ad36b8 elementor-hidden-mobile elementor-widget-divider--view-line elementor-widget elementor-widget-divider\" data-id=\"2ad36b8\" data-element_type=\"widget\" data-e-type=\"widget\" data-widget_type=\"divider.default\">\n\t\t\t\t<div class=\"elementor-widget-container\">\n\t\t\t\t\t\t\t<div class=\"elementor-divider\">\n\t\t\t<span class=\"elementor-divider-separator\">\n\t\t\t\t\t\t<\/span>\n\t\t<\/div>\n\t\t\t\t\t\t<\/div>\n\t\t\t\t<\/div>\n\t\t\t\t<div class=\"elementor-element elementor-element-619a4b8 elementor-hidden-mobile elementor-icon-list--layout-traditional elementor-list-item-link-full_width elementor-widget elementor-widget-icon-list\" data-id=\"619a4b8\" data-element_type=\"widget\" data-e-type=\"widget\" data-widget_type=\"icon-list.default\">\n\t\t\t\t<div class=\"elementor-widget-container\">\n\t\t\t\t\t\t\t<ul class=\"elementor-icon-list-items\">\n\t\t\t\t\t\t\t<li class=\"elementor-icon-list-item\">\n\t\t\t\t\t\t\t\t\t\t<span class=\"elementor-icon-list-text\">Dise\u00f1o realizado por: Bidagin<\/span>\n\t\t\t\t\t\t\t\t\t<\/li>\n\t\t\t\t\t\t\t\t<li class=\"elementor-icon-list-item\">\n\t\t\t\t\t\t\t\t\t\t<span class=\"elementor-icon-list-text\">Categor\u00eda: Portales<\/span>\n\t\t\t\t\t\t\t\t\t<\/li>\n\t\t\t\t\t\t<\/ul>\n\t\t\t\t\t\t<\/div>\n\t\t\t\t<\/div>\n\t\t\t\t<div class=\"elementor-element elementor-element-f85eff3 elementor-icon-list--layout-inline elementor-align-center elementor-hidden-mobile elementor-list-item-link-full_width elementor-widget elementor-widget-icon-list\" data-id=\"f85eff3\" data-element_type=\"widget\" data-e-type=\"widget\" data-widget_type=\"icon-list.default\">\n\t\t\t\t<div class=\"elementor-widget-container\">\n\t\t\t\t\t\t\t<ul class=\"elementor-icon-list-items elementor-inline-items\">\n\t\t\t\t\t\t\t<li class=\"elementor-icon-list-item elementor-inline-item\">\n\t\t\t\t\t\t\t\t\t\t\t<a href=\"https:\/\/latuamuebles.net\/oficinas\/\">\n\n\t\t\t\t\t\t\t\t\t\t\t\t<span class=\"elementor-icon-list-icon\">\n\t\t\t\t\t\t\t<i aria-hidden=\"true\" class=\"fas fa-angle-left\"><\/i>\t\t\t\t\t\t<\/span>\n\t\t\t\t\t\t\t\t\t\t<span class=\"elementor-icon-list-text\"><\/span>\n\t\t\t\t\t\t\t\t\t\t\t<\/a>\n\t\t\t\t\t\t\t\t\t<\/li>\n\t\t\t\t\t\t\t\t<li class=\"elementor-icon-list-item elementor-inline-item\">\n\t\t\t\t\t\t\t\t\t\t\t<a href=\"https:\/\/latuamuebles.net\/\">\n\n\t\t\t\t\t\t\t\t\t\t\t\t<span class=\"elementor-icon-list-icon\">\n\t\t\t\t\t\t\t<i aria-hidden=\"true\" class=\"fab fa-gg\"><\/i>\t\t\t\t\t\t<\/span>\n\t\t\t\t\t\t\t\t\t\t<span class=\"elementor-icon-list-text\"><\/span>\n\t\t\t\t\t\t\t\t\t\t\t<\/a>\n\t\t\t\t\t\t\t\t\t<\/li>\n\t\t\t\t\t\t\t\t<li class=\"elementor-icon-list-item elementor-inline-item\">\n\t\t\t\t\t\t\t\t\t\t\t<a href=\"https:\/\/latuamuebles.net\/muebles-a-medida\/\">\n\n\t\t\t\t\t\t\t\t\t\t\t\t<span class=\"elementor-icon-list-icon\">\n\t\t\t\t\t\t\t<i aria-hidden=\"true\" class=\"fas fa-angle-right\"><\/i>\t\t\t\t\t\t<\/span>\n\t\t\t\t\t\t\t\t\t\t<span class=\"elementor-icon-list-text\"><\/span>\n\t\t\t\t\t\t\t\t\t\t\t<\/a>\n\t\t\t\t\t\t\t\t\t<\/li>\n\t\t\t\t\t\t<\/ul>\n\t\t\t\t\t\t<\/div>\n\t\t\t\t<\/div>\n\t\t\t\t<div class=\"elementor-element elementor-element-dc1036a elementor-hidden-desktop elementor-hidden-tablet elementor-widget elementor-widget-image\" data-id=\"dc1036a\" data-element_type=\"widget\" data-e-type=\"widget\" data-widget_type=\"image.default\">\n\t\t\t\t<div class=\"elementor-widget-container\">\n\t\t\t\t\t\t\t\t\t\t\t\t\t\t\t<img fetchpriority=\"high\" decoding=\"async\" width=\"1536\" height=\"859\" src=\"https:\/\/latuamuebles.net\/wp-content\/uploads\/2023\/08\/Captura_desde_2023-08-28_15-09-43-transformed-1536x859.png\" class=\"attachment-1536x1536 size-1536x1536 wp-image-1355\" alt=\"\" srcset=\"https:\/\/latuamuebles.net\/wp-content\/uploads\/2023\/08\/Captura_desde_2023-08-28_15-09-43-transformed-1536x859.png 1536w, https:\/\/latuamuebles.net\/wp-content\/uploads\/2023\/08\/Captura_desde_2023-08-28_15-09-43-transformed-300x168.png 300w, https:\/\/latuamuebles.net\/wp-content\/uploads\/2023\/08\/Captura_desde_2023-08-28_15-09-43-transformed-1024x572.png 1024w, https:\/\/latuamuebles.net\/wp-content\/uploads\/2023\/08\/Captura_desde_2023-08-28_15-09-43-transformed-768x429.png 768w, https:\/\/latuamuebles.net\/wp-content\/uploads\/2023\/08\/Captura_desde_2023-08-28_15-09-43-transformed-2048x1145.png 2048w\" sizes=\"(max-width: 1536px) 100vw, 1536px\" \/>\t\t\t\t\t\t\t\t\t\t\t\t\t\t\t<\/div>\n\t\t\t\t<\/div>\n\t\t\t\t<div class=\"elementor-element elementor-element-6e10182 elementor-widget-divider--view-line elementor-widget elementor-widget-divider\" data-id=\"6e10182\" data-element_type=\"widget\" data-e-type=\"widget\" data-widget_type=\"divider.default\">\n\t\t\t\t<div class=\"elementor-widget-container\">\n\t\t\t\t\t\t\t<div class=\"elementor-divider\">\n\t\t\t<span class=\"elementor-divider-separator\">\n\t\t\t\t\t\t<\/span>\n\t\t<\/div>\n\t\t\t\t\t\t<\/div>\n\t\t\t\t<\/div>\n\t\t\t\t<div class=\"elementor-element elementor-element-de2c28c elementor-hidden-desktop elementor-hidden-tablet elementor-widget elementor-widget-image\" data-id=\"de2c28c\" data-element_type=\"widget\" data-e-type=\"widget\" data-widget_type=\"image.default\">\n\t\t\t\t<div class=\"elementor-widget-container\">\n\t\t\t\t\t\t\t\t\t\t\t\t\t\t\t<img decoding=\"async\" width=\"1536\" height=\"859\" src=\"https:\/\/latuamuebles.net\/wp-content\/uploads\/2023\/08\/WhatsApp_Image_2023-08-28_at_15_14_33_1-transformed-1536x859.jpeg\" class=\"attachment-1536x1536 size-1536x1536 wp-image-1356\" alt=\"\" srcset=\"https:\/\/latuamuebles.net\/wp-content\/uploads\/2023\/08\/WhatsApp_Image_2023-08-28_at_15_14_33_1-transformed-1536x859.jpeg 1536w, https:\/\/latuamuebles.net\/wp-content\/uploads\/2023\/08\/WhatsApp_Image_2023-08-28_at_15_14_33_1-transformed-300x168.jpeg 300w, https:\/\/latuamuebles.net\/wp-content\/uploads\/2023\/08\/WhatsApp_Image_2023-08-28_at_15_14_33_1-transformed-1024x572.jpeg 1024w, https:\/\/latuamuebles.net\/wp-content\/uploads\/2023\/08\/WhatsApp_Image_2023-08-28_at_15_14_33_1-transformed-768x429.jpeg 768w, https:\/\/latuamuebles.net\/wp-content\/uploads\/2023\/08\/WhatsApp_Image_2023-08-28_at_15_14_33_1-transformed-2048x1145.jpeg 2048w\" sizes=\"(max-width: 1536px) 100vw, 1536px\" \/>\t\t\t\t\t\t\t\t\t\t\t\t\t\t\t<\/div>\n\t\t\t\t<\/div>\n\t\t\t\t<div class=\"elementor-element elementor-element-d69e377 elementor-widget-divider--view-line elementor-widget elementor-widget-divider\" data-id=\"d69e377\" data-element_type=\"widget\" data-e-type=\"widget\" data-widget_type=\"divider.default\">\n\t\t\t\t<div class=\"elementor-widget-container\">\n\t\t\t\t\t\t\t<div class=\"elementor-divider\">\n\t\t\t<span class=\"elementor-divider-separator\">\n\t\t\t\t\t\t<\/span>\n\t\t<\/div>\n\t\t\t\t\t\t<\/div>\n\t\t\t\t<\/div>\n\t\t\t\t<div class=\"elementor-element elementor-element-605e4da elementor-hidden-desktop elementor-hidden-tablet elementor-widget elementor-widget-image\" data-id=\"605e4da\" data-element_type=\"widget\" data-e-type=\"widget\" data-widget_type=\"image.default\">\n\t\t\t\t<div class=\"elementor-widget-container\">\n\t\t\t\t\t\t\t\t\t\t\t\t\t\t\t<img decoding=\"async\" width=\"1536\" height=\"859\" src=\"https:\/\/latuamuebles.net\/wp-content\/uploads\/2023\/08\/WhatsApp_Image_2023-08-28_at_15_14_33_3-transformed-1536x859.jpeg\" class=\"attachment-1536x1536 size-1536x1536 wp-image-1358\" alt=\"\" srcset=\"https:\/\/latuamuebles.net\/wp-content\/uploads\/2023\/08\/WhatsApp_Image_2023-08-28_at_15_14_33_3-transformed-1536x859.jpeg 1536w, https:\/\/latuamuebles.net\/wp-content\/uploads\/2023\/08\/WhatsApp_Image_2023-08-28_at_15_14_33_3-transformed-300x168.jpeg 300w, https:\/\/latuamuebles.net\/wp-content\/uploads\/2023\/08\/WhatsApp_Image_2023-08-28_at_15_14_33_3-transformed-1024x572.jpeg 1024w, https:\/\/latuamuebles.net\/wp-content\/uploads\/2023\/08\/WhatsApp_Image_2023-08-28_at_15_14_33_3-transformed-768x429.jpeg 768w, https:\/\/latuamuebles.net\/wp-content\/uploads\/2023\/08\/WhatsApp_Image_2023-08-28_at_15_14_33_3-transformed-2048x1145.jpeg 2048w\" sizes=\"(max-width: 1536px) 100vw, 1536px\" \/>\t\t\t\t\t\t\t\t\t\t\t\t\t\t\t<\/div>\n\t\t\t\t<\/div>\n\t\t\t\t<div class=\"elementor-element elementor-element-bfa1557 elementor-widget-divider--view-line elementor-widget elementor-widget-divider\" data-id=\"bfa1557\" data-element_type=\"widget\" data-e-type=\"widget\" data-widget_type=\"divider.default\">\n\t\t\t\t<div class=\"elementor-widget-container\">\n\t\t\t\t\t\t\t<div class=\"elementor-divider\">\n\t\t\t<span class=\"elementor-divider-separator\">\n\t\t\t\t\t\t<\/span>\n\t\t<\/div>\n\t\t\t\t\t\t<\/div>\n\t\t\t\t<\/div>\n\t\t\t\t<div class=\"elementor-element elementor-element-7dc144a elementor-hidden-desktop elementor-hidden-tablet elementor-widget elementor-widget-image\" data-id=\"7dc144a\" data-element_type=\"widget\" data-e-type=\"widget\" data-widget_type=\"image.default\">\n\t\t\t\t<div class=\"elementor-widget-container\">\n\t\t\t\t\t\t\t\t\t\t\t\t\t\t\t<img loading=\"lazy\" decoding=\"async\" width=\"1536\" height=\"859\" src=\"https:\/\/latuamuebles.net\/wp-content\/uploads\/2023\/08\/WhatsApp_Image_2023-08-28_at_15_14_33-transformed-1536x859.jpeg\" class=\"attachment-1536x1536 size-1536x1536 wp-image-1359\" alt=\"\" srcset=\"https:\/\/latuamuebles.net\/wp-content\/uploads\/2023\/08\/WhatsApp_Image_2023-08-28_at_15_14_33-transformed-1536x859.jpeg 1536w, https:\/\/latuamuebles.net\/wp-content\/uploads\/2023\/08\/WhatsApp_Image_2023-08-28_at_15_14_33-transformed-300x168.jpeg 300w, https:\/\/latuamuebles.net\/wp-content\/uploads\/2023\/08\/WhatsApp_Image_2023-08-28_at_15_14_33-transformed-1024x572.jpeg 1024w, https:\/\/latuamuebles.net\/wp-content\/uploads\/2023\/08\/WhatsApp_Image_2023-08-28_at_15_14_33-transformed-768x429.jpeg 768w, https:\/\/latuamuebles.net\/wp-content\/uploads\/2023\/08\/WhatsApp_Image_2023-08-28_at_15_14_33-transformed-2048x1145.jpeg 2048w\" sizes=\"(max-width: 1536px) 100vw, 1536px\" \/>\t\t\t\t\t\t\t\t\t\t\t\t\t\t\t<\/div>\n\t\t\t\t<\/div>\n\t\t\t\t<div class=\"elementor-element elementor-element-401b5a6 elementor-hidden-desktop elementor-hidden-tablet elementor-widget-divider--view-line elementor-widget elementor-widget-divider\" data-id=\"401b5a6\" data-element_type=\"widget\" data-e-type=\"widget\" data-widget_type=\"divider.default\">\n\t\t\t\t<div class=\"elementor-widget-container\">\n\t\t\t\t\t\t\t<div class=\"elementor-divider\">\n\t\t\t<span class=\"elementor-divider-separator\">\n\t\t\t\t\t\t<\/span>\n\t\t<\/div>\n\t\t\t\t\t\t<\/div>\n\t\t\t\t<\/div>\n\t\t\t\t\t<\/div>\n\t\t<\/div>\n\t\t\t\t\t<\/div>\n\t\t<\/section>\n\t\t\t\t<section class=\"elementor-section elementor-top-section elementor-element elementor-element-f663efe elementor-section-boxed elementor-section-height-default elementor-section-height-default\" data-id=\"f663efe\" data-element_type=\"section\" data-e-type=\"section\">\n\t\t\t\t\t\t<div class=\"elementor-container elementor-column-gap-default\">\n\t\t\t\t\t<div class=\"elementor-column elementor-col-100 elementor-top-column elementor-element elementor-element-c172c96\" data-id=\"c172c96\" data-element_type=\"column\" data-e-type=\"column\">\n\t\t\t<div class=\"elementor-widget-wrap elementor-element-populated\">\n\t\t\t\t\t\t<div class=\"elementor-element elementor-element-b79cd08 elementor-hidden-desktop elementor-hidden-tablet elementor-icon-list--layout-traditional elementor-list-item-link-full_width elementor-widget elementor-widget-icon-list\" data-id=\"b79cd08\" data-element_type=\"widget\" data-e-type=\"widget\" data-widget_type=\"icon-list.default\">\n\t\t\t\t<div class=\"elementor-widget-container\">\n\t\t\t\t\t\t\t<ul class=\"elementor-icon-list-items\">\n\t\t\t\t\t\t\t<li class=\"elementor-icon-list-item\">\n\t\t\t\t\t\t\t\t\t\t<span class=\"elementor-icon-list-text\">Dise\u00f1o realizado por: Bidagin<\/span>\n\t\t\t\t\t\t\t\t\t<\/li>\n\t\t\t\t\t\t\t\t<li class=\"elementor-icon-list-item\">\n\t\t\t\t\t\t\t\t\t\t<span class=\"elementor-icon-list-text\">Categor\u00eda: Portales<\/span>\n\t\t\t\t\t\t\t\t\t<\/li>\n\t\t\t\t\t\t<\/ul>\n\t\t\t\t\t\t<\/div>\n\t\t\t\t<\/div>\n\t\t\t\t<div class=\"elementor-element elementor-element-dcf5fb9 elementor-icon-list--layout-inline elementor-align-center elementor-hidden-desktop elementor-hidden-tablet elementor-list-item-link-full_width elementor-widget elementor-widget-icon-list\" data-id=\"dcf5fb9\" data-element_type=\"widget\" data-e-type=\"widget\" data-widget_type=\"icon-list.default\">\n\t\t\t\t<div class=\"elementor-widget-container\">\n\t\t\t\t\t\t\t<ul class=\"elementor-icon-list-items elementor-inline-items\">\n\t\t\t\t\t\t\t<li class=\"elementor-icon-list-item elementor-inline-item\">\n\t\t\t\t\t\t\t\t\t\t\t<a href=\"https:\/\/latuamuebles.net\/oficinas\/\">\n\n\t\t\t\t\t\t\t\t\t\t\t\t<span class=\"elementor-icon-list-icon\">\n\t\t\t\t\t\t\t<i aria-hidden=\"true\" class=\"fas fa-angle-left\"><\/i>\t\t\t\t\t\t<\/span>\n\t\t\t\t\t\t\t\t\t\t<span class=\"elementor-icon-list-text\"><\/span>\n\t\t\t\t\t\t\t\t\t\t\t<\/a>\n\t\t\t\t\t\t\t\t\t<\/li>\n\t\t\t\t\t\t\t\t<li class=\"elementor-icon-list-item elementor-inline-item\">\n\t\t\t\t\t\t\t\t\t\t\t<a href=\"https:\/\/latuamuebles.net\/\">\n\n\t\t\t\t\t\t\t\t\t\t\t\t<span class=\"elementor-icon-list-icon\">\n\t\t\t\t\t\t\t<i aria-hidden=\"true\" class=\"fab fa-gg\"><\/i>\t\t\t\t\t\t<\/span>\n\t\t\t\t\t\t\t\t\t\t<span class=\"elementor-icon-list-text\"><\/span>\n\t\t\t\t\t\t\t\t\t\t\t<\/a>\n\t\t\t\t\t\t\t\t\t<\/li>\n\t\t\t\t\t\t\t\t<li class=\"elementor-icon-list-item elementor-inline-item\">\n\t\t\t\t\t\t\t\t\t\t\t<a href=\"https:\/\/latuamuebles.net\/muebles-a-medida\/\">\n\n\t\t\t\t\t\t\t\t\t\t\t\t<span class=\"elementor-icon-list-icon\">\n\t\t\t\t\t\t\t<i aria-hidden=\"true\" class=\"fas fa-angle-right\"><\/i>\t\t\t\t\t\t<\/span>\n\t\t\t\t\t\t\t\t\t\t<span class=\"elementor-icon-list-text\"><\/span>\n\t\t\t\t\t\t\t\t\t\t\t<\/a>\n\t\t\t\t\t\t\t\t\t<\/li>\n\t\t\t\t\t\t<\/ul>\n\t\t\t\t\t\t<\/div>\n\t\t\t\t<\/div>\n\t\t\t\t\t<\/div>\n\t\t<\/div>\n\t\t\t\t\t<\/div>\n\t\t<\/section>\n\t\t\t\t<\/div>\n\t\t","protected":false},"excerpt":{"rendered":"<p>Portales Dise\u00f1o realizado por: Bidagin Categor\u00eda: Portales Dise\u00f1o realizado por: Bidagin Categor\u00eda: Portales<\/p>","protected":false},"author":1,"featured_media":1097,"parent":0,"menu_order":0,"comment_status":"closed","ping_status":"closed","template":"elementor_canvas","meta":{"footnotes":""},"class_list":["post-1320","page","type-page","status-publish","has-post-thumbnail","hentry"],"yoast_head":"<!-- This site is optimized with the Yoast SEO plugin v27.5 - https:\/\/yoast.com\/product\/yoast-seo-wordpress\/ -->\n<title>Portales - latuamuebles<\/title>\n<meta name=\"robots\" content=\"index, follow, max-snippet:-1, max-image-preview:large, max-video-preview:-1\" \/>\n<link rel=\"canonical\" href=\"https:\/\/latuamuebles.net\/eu\/portales\/\" \/>\n<meta property=\"og:locale\" content=\"en_US\" \/>\n<meta property=\"og:type\" content=\"article\" \/>\n<meta property=\"og:title\" content=\"Portales - latuamuebles\" \/>\n<meta property=\"og:description\" content=\"Portales Dise\u00f1o realizado por: Bidagin Categor\u00eda: Portales Dise\u00f1o realizado por: Bidagin Categor\u00eda: Portales\" \/>\n<meta property=\"og:url\" content=\"https:\/\/latuamuebles.net\/eu\/portales\/\" \/>\n<meta property=\"og:site_name\" content=\"latuamuebles\" \/>\n<meta property=\"article:modified_time\" content=\"2023-08-29T11:50:03+00:00\" \/>\n<meta property=\"og:image\" content=\"https:\/\/latuamuebles.net\/wp-content\/uploads\/2023\/08\/Logo_Mesa-de-trabajo-1.png\" \/>\n\t<meta property=\"og:image:width\" content=\"1920\" \/>\n\t<meta property=\"og:image:height\" content=\"1080\" \/>\n\t<meta property=\"og:image:type\" content=\"image\/png\" \/>\n<meta name=\"twitter:card\" content=\"summary_large_image\" \/>\n<meta name=\"twitter:label1\" content=\"Est. reading time\" \/>\n\t<meta name=\"twitter:data1\" content=\"2 minutua\" \/>\n<script type=\"application\/ld+json\" class=\"yoast-schema-graph\">{\"@context\":\"https:\\\/\\\/schema.org\",\"@graph\":[{\"@type\":\"WebPage\",\"@id\":\"https:\\\/\\\/latuamuebles.net\\\/portales\\\/\",\"url\":\"https:\\\/\\\/latuamuebles.net\\\/portales\\\/\",\"name\":\"Portales - latuamuebles\",\"isPartOf\":{\"@id\":\"https:\\\/\\\/latuamuebles.net\\\/#website\"},\"primaryImageOfPage\":{\"@id\":\"https:\\\/\\\/latuamuebles.net\\\/portales\\\/#primaryimage\"},\"image\":{\"@id\":\"https:\\\/\\\/latuamuebles.net\\\/portales\\\/#primaryimage\"},\"thumbnailUrl\":\"https:\\\/\\\/latuamuebles.net\\\/wp-content\\\/uploads\\\/2023\\\/08\\\/Logo_Mesa-de-trabajo-1.png\",\"datePublished\":\"2023-08-28T12:52:50+00:00\",\"dateModified\":\"2023-08-29T11:50:03+00:00\",\"breadcrumb\":{\"@id\":\"https:\\\/\\\/latuamuebles.net\\\/portales\\\/#breadcrumb\"},\"inLanguage\":\"eu\",\"potentialAction\":[{\"@type\":\"ReadAction\",\"target\":[\"https:\\\/\\\/latuamuebles.net\\\/portales\\\/\"]}]},{\"@type\":\"ImageObject\",\"inLanguage\":\"eu\",\"@id\":\"https:\\\/\\\/latuamuebles.net\\\/portales\\\/#primaryimage\",\"url\":\"https:\\\/\\\/latuamuebles.net\\\/wp-content\\\/uploads\\\/2023\\\/08\\\/Logo_Mesa-de-trabajo-1.png\",\"contentUrl\":\"https:\\\/\\\/latuamuebles.net\\\/wp-content\\\/uploads\\\/2023\\\/08\\\/Logo_Mesa-de-trabajo-1.png\",\"width\":1920,\"height\":1080},{\"@type\":\"BreadcrumbList\",\"@id\":\"https:\\\/\\\/latuamuebles.net\\\/portales\\\/#breadcrumb\",\"itemListElement\":[{\"@type\":\"ListItem\",\"position\":1,\"name\":\"Portada\",\"item\":\"https:\\\/\\\/latuamuebles.net\\\/\"},{\"@type\":\"ListItem\",\"position\":2,\"name\":\"Portales\"}]},{\"@type\":\"WebSite\",\"@id\":\"https:\\\/\\\/latuamuebles.net\\\/#website\",\"url\":\"https:\\\/\\\/latuamuebles.net\\\/\",\"name\":\"latuamuebles\",\"description\":\"\",\"potentialAction\":[{\"@type\":\"SearchAction\",\"target\":{\"@type\":\"EntryPoint\",\"urlTemplate\":\"https:\\\/\\\/latuamuebles.net\\\/?s={search_term_string}\"},\"query-input\":{\"@type\":\"PropertyValueSpecification\",\"valueRequired\":true,\"valueName\":\"search_term_string\"}}],\"inLanguage\":\"eu\"}]}<\/script>\n<!-- \/ Yoast SEO plugin. -->","yoast_head_json":{"title":"Portales - latuamuebles","robots":{"index":"index","follow":"follow","max-snippet":"max-snippet:-1","max-image-preview":"max-image-preview:large","max-video-preview":"max-video-preview:-1"},"canonical":"https:\/\/latuamuebles.net\/eu\/portales\/","og_locale":"en_US","og_type":"article","og_title":"Portales - latuamuebles","og_description":"Portales Dise\u00f1o realizado por: Bidagin Categor\u00eda: Portales Dise\u00f1o realizado por: Bidagin Categor\u00eda: Portales","og_url":"https:\/\/latuamuebles.net\/eu\/portales\/","og_site_name":"latuamuebles","article_modified_time":"2023-08-29T11:50:03+00:00","og_image":[{"width":1920,"height":1080,"url":"https:\/\/latuamuebles.net\/wp-content\/uploads\/2023\/08\/Logo_Mesa-de-trabajo-1.png","type":"image\/png"}],"twitter_card":"summary_large_image","twitter_misc":{"Est. reading time":"2 minutua"},"schema":{"@context":"https:\/\/schema.org","@graph":[{"@type":"WebPage","@id":"https:\/\/latuamuebles.net\/portales\/","url":"https:\/\/latuamuebles.net\/portales\/","name":"Portales - latuamuebles","isPartOf":{"@id":"https:\/\/latuamuebles.net\/#website"},"primaryImageOfPage":{"@id":"https:\/\/latuamuebles.net\/portales\/#primaryimage"},"image":{"@id":"https:\/\/latuamuebles.net\/portales\/#primaryimage"},"thumbnailUrl":"https:\/\/latuamuebles.net\/wp-content\/uploads\/2023\/08\/Logo_Mesa-de-trabajo-1.png","datePublished":"2023-08-28T12:52:50+00:00","dateModified":"2023-08-29T11:50:03+00:00","breadcrumb":{"@id":"https:\/\/latuamuebles.net\/portales\/#breadcrumb"},"inLanguage":"eu","potentialAction":[{"@type":"ReadAction","target":["https:\/\/latuamuebles.net\/portales\/"]}]},{"@type":"ImageObject","inLanguage":"eu","@id":"https:\/\/latuamuebles.net\/portales\/#primaryimage","url":"https:\/\/latuamuebles.net\/wp-content\/uploads\/2023\/08\/Logo_Mesa-de-trabajo-1.png","contentUrl":"https:\/\/latuamuebles.net\/wp-content\/uploads\/2023\/08\/Logo_Mesa-de-trabajo-1.png","width":1920,"height":1080},{"@type":"BreadcrumbList","@id":"https:\/\/latuamuebles.net\/portales\/#breadcrumb","itemListElement":[{"@type":"ListItem","position":1,"name":"Portada","item":"https:\/\/latuamuebles.net\/"},{"@type":"ListItem","position":2,"name":"Portales"}]},{"@type":"WebSite","@id":"https:\/\/latuamuebles.net\/#website","url":"https:\/\/latuamuebles.net\/","name":"latuamuebles","description":"","potentialAction":[{"@type":"SearchAction","target":{"@type":"EntryPoint","urlTemplate":"https:\/\/latuamuebles.net\/?s={search_term_string}"},"query-input":{"@type":"PropertyValueSpecification","valueRequired":true,"valueName":"search_term_string"}}],"inLanguage":"eu"}]}},"_links":{"self":[{"href":"https:\/\/latuamuebles.net\/eu\/wp-json\/wp\/v2\/pages\/1320","targetHints":{"allow":["GET"]}}],"collection":[{"href":"https:\/\/latuamuebles.net\/eu\/wp-json\/wp\/v2\/pages"}],"about":[{"href":"https:\/\/latuamuebles.net\/eu\/wp-json\/wp\/v2\/types\/page"}],"author":[{"embeddable":true,"href":"https:\/\/latuamuebles.net\/eu\/wp-json\/wp\/v2\/users\/1"}],"replies":[{"embeddable":true,"href":"https:\/\/latuamuebles.net\/eu\/wp-json\/wp\/v2\/comments?post=1320"}],"version-history":[{"count":26,"href":"https:\/\/latuamuebles.net\/eu\/wp-json\/wp\/v2\/pages\/1320\/revisions"}],"predecessor-version":[{"id":1859,"href":"https:\/\/latuamuebles.net\/eu\/wp-json\/wp\/v2\/pages\/1320\/revisions\/1859"}],"wp:featuredmedia":[{"embeddable":true,"href":"https:\/\/latuamuebles.net\/eu\/wp-json\/wp\/v2\/media\/1097"}],"wp:attachment":[{"href":"https:\/\/latuamuebles.net\/eu\/wp-json\/wp\/v2\/media?parent=1320"}],"curies":[{"name":"wp","href":"https:\/\/api.w.org\/{rel}","templated":true}]}}